{"id":1137,"date":"2022-01-08T21:49:18","date_gmt":"2022-01-08T21:49:18","guid":{"rendered":"https:\/\/szigetvaritamas.com\/wedding-celebrant\/"},"modified":"2024-04-17T13:26:04","modified_gmt":"2024-04-17T13:26:04","slug":"wedding-celebrant","status":"publish","type":"page","link":"https:\/\/szigetvaritamas.com\/en\/wedding-celebrant\/","title":{"rendered":"WEDDING CELEBRANT"},"content":{"rendered":"\t\t<div data-elementor-type=\"wp-page\" data-elementor-id=\"1137\" class=\"elementor elementor-1137 elementor-320\" data-elementor-post-type=\"page\">\n\t\t\t\t\t\t<section class=\"elementor-section elementor-top-section elementor-element elementor-element-37c2f77 elementor-section-boxed elementor-section-height-default elementor-section-height-default\" data-id=\"37c2f77\" data-element_type=\"section\" data-settings=\"{&quot;background_background&quot;:&quot;classic&quot;,&quot;background_motion_fx_motion_fx_scrolling&quot;:&quot;yes&quot;,&quot;background_motion_fx_scale_effect&quot;:&quot;yes&quot;,&quot;background_motion_fx_scale_direction&quot;:&quot;in-out&quot;,&quot;background_motion_fx_scale_speed&quot;:{&quot;unit&quot;:&quot;px&quot;,&quot;size&quot;:3,&quot;sizes&quot;:[]},&quot;background_motion_fx_scale_range&quot;:{&quot;unit&quot;:&quot;%&quot;,&quot;size&quot;:&quot;&quot;,&quot;sizes&quot;:{&quot;start&quot;:0,&quot;end&quot;:20}},&quot;background_motion_fx_devices&quot;:[&quot;desktop&quot;,&quot;tablet&quot;,&quot;mobile&quot;]}\">\n\t\t\t\t\t\t\t<div class=\"elementor-background-overlay\"><\/div>\n\t\t\t\t\t\t\t<div class=\"elementor-container elementor-column-gap-default\">\n\t\t\t\t\t<div class=\"elementor-column elementor-col-100 elementor-top-column elementor-element elementor-element-a23b3f8\" data-id=\"a23b3f8\" data-element_type=\"column\">\n\t\t\t<div class=\"elementor-widget-wrap elementor-element-populated\">\n\t\t\t\t\t\t<div class=\"elementor-element elementor-element-8c2a563 elementor-widget elementor-widget-heading\" data-id=\"8c2a563\" data-element_type=\"widget\" data-widget_type=\"heading.default\">\n\t\t\t\t<div class=\"elementor-widget-container\">\n\t\t\t\t\t<h1 class=\"elementor-heading-title elementor-size-default\">Wedding celebrant<\/h1>\t\t\t\t<\/div>\n\t\t\t\t<\/div>\n\t\t\t\t<div class=\"elementor-element elementor-element-1c34966 elementor-widget elementor-widget-heading\" data-id=\"1c34966\" data-element_type=\"widget\" data-widget_type=\"heading.default\">\n\t\t\t\t<div class=\"elementor-widget-container\">\n\t\t\t\t\t<h4 class=\"elementor-heading-title elementor-size-default\">Who is a modern officiant? It means being a wedding celebrant, but in somewhat different way.<\/h4>\t\t\t\t<\/div>\n\t\t\t\t<\/div>\n\t\t\t\t<div class=\"elementor-element elementor-element-5cf8b19 elementor-view-default elementor-invisible elementor-widget elementor-widget-icon\" data-id=\"5cf8b19\" data-element_type=\"widget\" data-settings=\"{&quot;_animation&quot;:&quot;bounceInDown&quot;,&quot;_animation_delay&quot;:200}\" data-widget_type=\"icon.default\">\n\t\t\t\t<div class=\"elementor-widget-container\">\n\t\t\t\t\t\t\t<div class=\"elementor-icon-wrapper\">\n\t\t\t<a class=\"elementor-icon\" href=\"#folytatas\">\n\t\t\t<i aria-hidden=\"true\" class=\"fas fa-chevron-down\"><\/i>\t\t\t<\/a>\n\t\t<\/div>\n\t\t\t\t\t\t<\/div>\n\t\t\t\t<\/div>\n\t\t\t\t\t<\/div>\n\t\t<\/div>\n\t\t\t\t\t<\/div>\n\t\t<\/section>\n\t\t\t\t<section class=\"elementor-section elementor-top-section elementor-element elementor-element-e931747 elementor-section-full_width elementor-section-height-default elementor-section-height-default\" data-id=\"e931747\" data-element_type=\"section\" data-settings=\"{&quot;background_background&quot;:&quot;classic&quot;}\">\n\t\t\t\t\t\t<div class=\"elementor-container elementor-column-gap-default\">\n\t\t\t\t\t<div class=\"elementor-column elementor-col-100 elementor-top-column elementor-element elementor-element-6226479\" data-id=\"6226479\" data-element_type=\"column\">\n\t\t\t<div class=\"elementor-widget-wrap elementor-element-populated\">\n\t\t\t\t\t\t<div class=\"elementor-element elementor-element-67377bd elementor-widget elementor-widget-text-editor\" data-id=\"67377bd\" data-element_type=\"widget\" data-widget_type=\"text-editor.default\">\n\t\t\t\t<div class=\"elementor-widget-container\">\n\t\t\t\t\t\t\t\t\t<p>I\u2019m sure you have been to a wedding where most of the wedding party was rather bored. How can you prevent this from happening?<\/p>\n\t\t\t\t\t\t\t\t<\/div>\n\t\t\t\t<\/div>\n\t\t\t\t<div class=\"elementor-element elementor-element-c81f4f9 elementor-widget elementor-widget-text-editor\" data-id=\"c81f4f9\" data-element_type=\"widget\" data-widget_type=\"text-editor.default\">\n\t\t\t\t<div class=\"elementor-widget-container\">\n\t\t\t\t\t\t\t\t\t<p>The answer is humour. With humour and joy, even life is much more fun. It is no different with celebrations and rituals. Trust me, you will not regret it. <\/p>\n\t\t\t\t\t\t\t\t<\/div>\n\t\t\t\t<\/div>\n\t\t\t\t\t<\/div>\n\t\t<\/div>\n\t\t\t\t\t<\/div>\n\t\t<\/section>\n\t\t\t\t<section class=\"elementor-section elementor-top-section elementor-element elementor-element-16ca47c elementor-section-boxed elementor-section-height-default elementor-section-height-default\" data-id=\"16ca47c\" data-element_type=\"section\" data-settings=\"{&quot;background_background&quot;:&quot;classic&quot;,&quot;background_motion_fx_motion_fx_scrolling&quot;:&quot;yes&quot;,&quot;background_motion_fx_scale_effect&quot;:&quot;yes&quot;,&quot;background_motion_fx_scale_direction&quot;:&quot;in-out&quot;,&quot;background_motion_fx_scale_speed&quot;:{&quot;unit&quot;:&quot;px&quot;,&quot;size&quot;:3,&quot;sizes&quot;:[]},&quot;background_motion_fx_scale_range&quot;:{&quot;unit&quot;:&quot;%&quot;,&quot;size&quot;:&quot;&quot;,&quot;sizes&quot;:{&quot;start&quot;:0,&quot;end&quot;:20}},&quot;background_motion_fx_devices&quot;:[&quot;desktop&quot;,&quot;tablet&quot;,&quot;mobile&quot;]}\">\n\t\t\t\t\t\t\t<div class=\"elementor-background-overlay\"><\/div>\n\t\t\t\t\t\t\t<div class=\"elementor-container elementor-column-gap-default\">\n\t\t\t\t\t<div class=\"elementor-column elementor-col-100 elementor-top-column elementor-element elementor-element-66eae81\" data-id=\"66eae81\" data-element_type=\"column\">\n\t\t\t<div class=\"elementor-widget-wrap elementor-element-populated\">\n\t\t\t\t\t\t<div class=\"elementor-element elementor-element-acad08e elementor-widget elementor-widget-heading\" data-id=\"acad08e\" data-element_type=\"widget\" data-widget_type=\"heading.default\">\n\t\t\t\t<div class=\"elementor-widget-container\">\n\t\t\t\t\t<h1 class=\"elementor-heading-title elementor-size-default\">GET A QUOTE<\/h1>\t\t\t\t<\/div>\n\t\t\t\t<\/div>\n\t\t\t\t<div class=\"elementor-element elementor-element-a9848b6 elementor-widget elementor-widget-heading\" data-id=\"a9848b6\" data-element_type=\"widget\" data-widget_type=\"heading.default\">\n\t\t\t\t<div class=\"elementor-widget-container\">\n\t\t\t\t\t<h4 class=\"elementor-heading-title elementor-size-default\">Get your quote now!<\/h4>\t\t\t\t<\/div>\n\t\t\t\t<\/div>\n\t\t\t\t<div class=\"elementor-element elementor-element-c416ff8 elementor-view-default elementor-invisible elementor-widget elementor-widget-icon\" data-id=\"c416ff8\" data-element_type=\"widget\" data-settings=\"{&quot;_animation&quot;:&quot;bounceInDown&quot;,&quot;_animation_delay&quot;:200}\" data-widget_type=\"icon.default\">\n\t\t\t\t<div class=\"elementor-widget-container\">\n\t\t\t\t\t\t\t<div class=\"elementor-icon-wrapper\">\n\t\t\t<a class=\"elementor-icon\" href=\"#folytatas\">\n\t\t\t<i aria-hidden=\"true\" class=\"fas fa-chevron-down\"><\/i>\t\t\t<\/a>\n\t\t<\/div>\n\t\t\t\t\t\t<\/div>\n\t\t\t\t<\/div>\n\t\t\t\t<div class=\"elementor-element elementor-element-9404dff elementor-button-align-stretch elementor-widget elementor-widget-form\" data-id=\"9404dff\" data-element_type=\"widget\" data-settings=\"{&quot;step_next_label&quot;:&quot;Following&quot;,&quot;step_previous_label&quot;:&quot;Previous&quot;,&quot;button_width&quot;:&quot;100&quot;,&quot;step_type&quot;:&quot;number_text&quot;,&quot;step_icon_shape&quot;:&quot;circle&quot;}\" data-widget_type=\"form.default\">\n\t\t\t\t<div class=\"elementor-widget-container\">\n\t\t\t\t\t\t\t<form class=\"elementor-form\" method=\"post\" name=\"new form\">\n\t\t\t<input type=\"hidden\" name=\"post_id\" value=\"1137\"\/>\n\t\t\t<input type=\"hidden\" name=\"form_id\" value=\"9404dff\"\/>\n\t\t\t<input type=\"hidden\" name=\"referer_title\" value=\"Szigetv\u00e1ri Tam\u00e1s Wedding Celebrant\" \/>\n\n\t\t\t\t\t\t\t<input type=\"hidden\" name=\"queried_id\" value=\"1137\"\/>\n\t\t\t\n\t\t\t<div class=\"elementor-form-fields-wrapper elementor-labels-above\">\n\t\t\t\t\t\t\t\t<div class=\"elementor-field-type-text elementor-field-group elementor-column elementor-field-group-name elementor-col-100 elementor-field-required\">\n\t\t\t\t\t\t\t\t\t\t\t\t\t<input size=\"1\" type=\"text\" name=\"form_fields[name]\" id=\"form-field-name\" class=\"elementor-field elementor-size-sm  elementor-field-textual\" placeholder=\"Full name\" required=\"required\" aria-required=\"true\">\n\t\t\t\t\t\t\t\t\t\t\t<\/div>\n\t\t\t\t\t\t\t\t<div class=\"elementor-field-type-email elementor-field-group elementor-column elementor-field-group-email elementor-col-50 elementor-field-required\">\n\t\t\t\t\t\t\t\t\t\t\t\t\t<input size=\"1\" type=\"email\" name=\"form_fields[email]\" id=\"form-field-email\" class=\"elementor-field elementor-size-sm  elementor-field-textual\" placeholder=\"Email\" required=\"required\" aria-required=\"true\">\n\t\t\t\t\t\t\t\t\t\t\t<\/div>\n\t\t\t\t\t\t\t\t<div class=\"elementor-field-type-tel elementor-field-group elementor-column elementor-field-group-tel elementor-col-50 elementor-field-required\">\n\t\t\t\t\t\t\t<input size=\"1\" type=\"tel\" name=\"form_fields[tel]\" id=\"form-field-tel\" class=\"elementor-field elementor-size-sm  elementor-field-textual\" placeholder=\"Phone number\" required=\"required\" aria-required=\"true\" pattern=\"[0-9()#&amp;+*-=.]+\" title=\"Only numbers and phone characters (#, -, *, etc) are accepted.\">\n\n\t\t\t\t\t\t<\/div>\n\t\t\t\t\t\t\t\t<div class=\"elementor-field-type-text elementor-field-group elementor-column elementor-field-group-datum elementor-col-50\">\n\t\t\t\t\t\t\t\t\t\t\t\t\t<input size=\"1\" type=\"text\" name=\"form_fields[datum]\" id=\"form-field-datum\" class=\"elementor-field elementor-size-sm  elementor-field-textual\" placeholder=\"Date\">\n\t\t\t\t\t\t\t\t\t\t\t<\/div>\n\t\t\t\t\t\t\t\t<div class=\"elementor-field-type-textarea elementor-field-group elementor-column elementor-field-group-helyszin elementor-col-50\">\n\t\t\t\t\t<textarea class=\"elementor-field-textual elementor-field  elementor-size-sm\" name=\"form_fields[helyszin]\" id=\"form-field-helyszin\" rows=\"1\" placeholder=\"Location\"><\/textarea>\t\t\t\t<\/div>\n\t\t\t\t\t\t\t\t<div class=\"elementor-field-type-textarea elementor-field-group elementor-column elementor-field-group-uzenet elementor-col-100\">\n\t\t\t\t\t\t\t\t\t\t\t\t<label for=\"form-field-uzenet\" class=\"elementor-field-label\">\n\t\t\t\t\t\t\t\tShort description\t\t\t\t\t\t\t<\/label>\n\t\t\t\t\t\t<textarea class=\"elementor-field-textual elementor-field  elementor-size-sm\" name=\"form_fields[uzenet]\" id=\"form-field-uzenet\" rows=\"4\" placeholder=\"Important details\"><\/textarea>\t\t\t\t<\/div>\n\t\t\t\t\t\t\t\t<div class=\"elementor-field-type-text\">\n\t\t\t\t\t<input size=\"1\" type=\"text\" name=\"form_fields[field_3061914]\" id=\"form-field-field_3061914\" class=\"elementor-field elementor-size-sm \" style=\"display:none !important;\">\t\t\t\t<\/div>\n\t\t\t\t\t\t\t\t<div class=\"elementor-field-type-acceptance elementor-field-group elementor-column elementor-field-group-hozzajarulas elementor-col-100 elementor-field-required\">\n\t\t\t\t\t\t\t<div class=\"elementor-field-subgroup\">\n\t\t\t<span class=\"elementor-field-option\">\n\t\t\t\t<input type=\"checkbox\" name=\"form_fields[hozzajarulas]\" id=\"form-field-hozzajarulas\" class=\"elementor-field elementor-size-sm  elementor-acceptance-field\" required=\"required\" aria-required=\"true\">\n\t\t\t\t<label for=\"form-field-hozzajarulas\">I accept the <a style=\"color: #AD974F;\" href=\"https:\/\/szigetvaritamas.com\/adatkezelesi_tajekoztato.pdf\" target=\"_blank\" rel=\"noopener\">Privacy Notice<\/a> I am aware that I can object to data processing at any time.<\/label>\t\t\t<\/span>\n\t\t<\/div>\n\t\t\t\t\t\t<\/div>\n\t\t\t\t\t\t\t\t<div class=\"elementor-field-group elementor-column elementor-field-type-submit elementor-col-100 e-form__buttons\">\n\t\t\t\t\t<button class=\"elementor-button elementor-size-md\" type=\"submit\">\n\t\t\t\t\t\t<span class=\"elementor-button-content-wrapper\">\n\t\t\t\t\t\t\t\t\t\t\t\t\t\t\t\t\t\t\t\t\t\t<span class=\"elementor-button-text\">Get your quote now!<\/span>\n\t\t\t\t\t\t\t\t\t\t\t\t\t<\/span>\n\t\t\t\t\t<\/button>\n\t\t\t\t<\/div>\n\t\t\t<\/div>\n\t\t<\/form>\n\t\t\t\t\t\t<\/div>\n\t\t\t\t<\/div>\n\t\t\t\t<section class=\"elementor-section elementor-inner-section elementor-element elementor-element-82b227a elementor-section-boxed elementor-section-height-default elementor-section-height-default\" data-id=\"82b227a\" data-element_type=\"section\">\n\t\t\t\t\t\t<div class=\"elementor-container elementor-column-gap-default\">\n\t\t\t\t\t<div class=\"elementor-column elementor-col-50 elementor-inner-column elementor-element elementor-element-44584ea\" data-id=\"44584ea\" data-element_type=\"column\">\n\t\t\t<div class=\"elementor-widget-wrap elementor-element-populated\">\n\t\t\t\t\t\t<div class=\"elementor-element elementor-element-b70988e elementor-view-stacked elementor-shape-circle elementor-position-top elementor-mobile-position-top elementor-widget elementor-widget-icon-box\" data-id=\"b70988e\" data-element_type=\"widget\" data-widget_type=\"icon-box.default\">\n\t\t\t\t<div class=\"elementor-widget-container\">\n\t\t\t\t\t\t\t<div class=\"elementor-icon-box-wrapper\">\n\n\t\t\t\t\t\t<div class=\"elementor-icon-box-icon\">\n\t\t\t\t<a href=\"tel:+36205839166\" class=\"elementor-icon\" tabindex=\"-1\" aria-label=\"Call me\">\n\t\t\t\t<i aria-hidden=\"true\" class=\"fas fa-phone-alt\"><\/i>\t\t\t\t<\/a>\n\t\t\t<\/div>\n\t\t\t\n\t\t\t\t\t\t<div class=\"elementor-icon-box-content\">\n\n\t\t\t\t\t\t\t\t\t<h3 class=\"elementor-icon-box-title\">\n\t\t\t\t\t\t<a href=\"tel:+36205839166\" >\n\t\t\t\t\t\t\tCall me\t\t\t\t\t\t<\/a>\n\t\t\t\t\t<\/h3>\n\t\t\t\t\n\t\t\t\t\t\t\t\t\t<p class=\"elementor-icon-box-description\">\n\t\t\t\t\t\t<a style=\"color: #ffffff\" href=\"tel:+36205839166\" target=\"_blank\" rel=\"noopener\">+36-20\/583-91-66<\/a>\t\t\t\t\t<\/p>\n\t\t\t\t\n\t\t\t<\/div>\n\t\t\t\n\t\t<\/div>\n\t\t\t\t\t\t<\/div>\n\t\t\t\t<\/div>\n\t\t\t\t\t<\/div>\n\t\t<\/div>\n\t\t\t\t<div class=\"elementor-column elementor-col-50 elementor-inner-column elementor-element elementor-element-7b87811\" data-id=\"7b87811\" data-element_type=\"column\">\n\t\t\t<div class=\"elementor-widget-wrap elementor-element-populated\">\n\t\t\t\t\t\t<div class=\"elementor-element elementor-element-5512c93 elementor-view-stacked elementor-shape-circle elementor-position-top elementor-mobile-position-top elementor-widget elementor-widget-icon-box\" data-id=\"5512c93\" data-element_type=\"widget\" data-widget_type=\"icon-box.default\">\n\t\t\t\t<div class=\"elementor-widget-container\">\n\t\t\t\t\t\t\t<div class=\"elementor-icon-box-wrapper\">\n\n\t\t\t\t\t\t<div class=\"elementor-icon-box-icon\">\n\t\t\t\t<a href=\"mailto:info@latvanyosnyitotanc.hu\" class=\"elementor-icon\" tabindex=\"-1\" aria-label=\"Email\">\n\t\t\t\t<i aria-hidden=\"true\" class=\"fas fa-envelope\"><\/i>\t\t\t\t<\/a>\n\t\t\t<\/div>\n\t\t\t\n\t\t\t\t\t\t<div class=\"elementor-icon-box-content\">\n\n\t\t\t\t\t\t\t\t\t<h3 class=\"elementor-icon-box-title\">\n\t\t\t\t\t\t<a href=\"mailto:info@latvanyosnyitotanc.hu\" >\n\t\t\t\t\t\t\tEmail\t\t\t\t\t\t<\/a>\n\t\t\t\t\t<\/h3>\n\t\t\t\t\n\t\t\t\t\t\t\t\t\t<p class=\"elementor-icon-box-description\">\n\t\t\t\t\t\t<a style=\"color: #ffffff\" href=\"mailto:hello@szigetvaritamas.com\" target=\"_blank\" rel=\"noopener\">hello@szigetvaritamas.com<\/a>\t\t\t\t\t<\/p>\n\t\t\t\t\n\t\t\t<\/div>\n\t\t\t\n\t\t<\/div>\n\t\t\t\t\t\t<\/div>\n\t\t\t\t<\/div>\n\t\t\t\t\t<\/div>\n\t\t<\/div>\n\t\t\t\t\t<\/div>\n\t\t<\/section>\n\t\t\t\t\t<\/div>\n\t\t<\/div>\n\t\t\t\t\t<\/div>\n\t\t<\/section>\n\t\t\t\t<\/div>\n\t\t","protected":false},"excerpt":{"rendered":"<p>Wedding celebrant Who is a modern officiant? It means being a wedding celebrant, but in somewhat different way. I\u2019m sure you have been to a wedding where most of the wedding party was rather bored. How can you prevent this from happening? The answer is humour. With humour and joy, even life is much more [&hellip;]<\/p>\n","protected":false},"author":1,"featured_media":0,"parent":0,"menu_order":0,"comment_status":"closed","ping_status":"closed","template":"elementor_header_footer","meta":{"footnotes":""},"class_list":["post-1137","page","type-page","status-publish","hentry"],"yoast_head":"<!-- This site is optimized with the Yoast SEO plugin v25.7 - https:\/\/yoast.com\/wordpress\/plugins\/seo\/ -->\n<title>Szigetv\u00e1ri Tam\u00e1s Wedding Celebrant<\/title>\n<meta name=\"description\" content=\"To entertain and to be entertained. To surround yourself with happy, cheerful people and be part of the day that marks the beginning of spending your entire life together. At least this is how we set out, the rest is up to you...\" \/>\n<meta name=\"robots\" content=\"index, follow, max-snippet:-1, max-image-preview:large, max-video-preview:-1\" \/>\n<link rel=\"canonical\" href=\"https:\/\/szigetvaritamas.com\/en\/wedding-celebrant\/\" \/>\n<meta property=\"og:locale\" content=\"en_US\" \/>\n<meta property=\"og:type\" content=\"article\" \/>\n<meta property=\"og:title\" content=\"Szigetv\u00e1ri Tam\u00e1s Wedding Celebrant\" \/>\n<meta property=\"og:description\" content=\"To entertain and to be entertained. To surround yourself with happy, cheerful people and be part of the day that marks the beginning of spending your entire life together. At least this is how we set out, the rest is up to you...\" \/>\n<meta property=\"og:url\" content=\"https:\/\/szigetvaritamas.com\/en\/wedding-celebrant\/\" \/>\n<meta property=\"og:site_name\" content=\"Szigetv\u00e1ri Tam\u00e1s\" \/>\n<meta property=\"article:modified_time\" content=\"2024-04-17T13:26:04+00:00\" \/>\n<meta property=\"og:image\" content=\"https:\/\/szigetvaritamas.com\/wp-content\/uploads\/Szigetvari-Tamas-Ceremoniamester-Logo-Mic-1.png\" \/>\n<meta name=\"twitter:card\" content=\"summary_large_image\" \/>\n<meta name=\"twitter:title\" content=\"Szigetv\u00e1ri Tam\u00e1s Wedding Celebrant\" \/>\n<meta name=\"twitter:description\" content=\"To entertain and to be entertained. To surround yourself with happy, cheerful people and be part of the day that marks the beginning of spending your entire life together. At least this is how we set out, the rest is up to you...\" \/>\n<meta name=\"twitter:image\" content=\"https:\/\/szigetvaritamas.com\/wp-content\/uploads\/Szigetvari-Tamas-Ceremoniamester-Logo-Mic-1.png\" \/>\n<meta name=\"twitter:label1\" content=\"Est. reading time\" \/>\n\t<meta name=\"twitter:data1\" content=\"1 minute\" \/>\n<script type=\"application\/ld+json\" class=\"yoast-schema-graph\">{\"@context\":\"https:\/\/schema.org\",\"@graph\":[{\"@type\":\"WebPage\",\"@id\":\"https:\/\/szigetvaritamas.com\/en\/wedding-celebrant\/\",\"url\":\"https:\/\/szigetvaritamas.com\/en\/wedding-celebrant\/\",\"name\":\"Szigetv\u00e1ri Tam\u00e1s Wedding Celebrant\",\"isPartOf\":{\"@id\":\"https:\/\/szigetvaritamas.com\/en\/#website\"},\"datePublished\":\"2022-01-08T21:49:18+00:00\",\"dateModified\":\"2024-04-17T13:26:04+00:00\",\"description\":\"To entertain and to be entertained. To surround yourself with happy, cheerful people and be part of the day that marks the beginning of spending your entire life together. At least this is how we set out, the rest is up to you...\",\"breadcrumb\":{\"@id\":\"https:\/\/szigetvaritamas.com\/en\/wedding-celebrant\/#breadcrumb\"},\"inLanguage\":\"en-US\",\"potentialAction\":[{\"@type\":\"ReadAction\",\"target\":[\"https:\/\/szigetvaritamas.com\/en\/wedding-celebrant\/\"]}]},{\"@type\":\"BreadcrumbList\",\"@id\":\"https:\/\/szigetvaritamas.com\/en\/wedding-celebrant\/#breadcrumb\",\"itemListElement\":[{\"@type\":\"ListItem\",\"position\":1,\"name\":\"Kezd\u0151lap\",\"item\":\"https:\/\/szigetvaritamas.com\/en\/main-page\/\"},{\"@type\":\"ListItem\",\"position\":2,\"name\":\"WEDDING CELEBRANT\"}]},{\"@type\":\"WebSite\",\"@id\":\"https:\/\/szigetvaritamas.com\/en\/#website\",\"url\":\"https:\/\/szigetvaritamas.com\/en\/\",\"name\":\"Szigetv\u00e1ri Tam\u00e1s\",\"description\":\"Cerem\u00f3niamester esk\u00fcv\u0151re\",\"publisher\":{\"@id\":\"https:\/\/szigetvaritamas.com\/en\/#organization\"},\"potentialAction\":[{\"@type\":\"SearchAction\",\"target\":{\"@type\":\"EntryPoint\",\"urlTemplate\":\"https:\/\/szigetvaritamas.com\/en\/?s={search_term_string}\"},\"query-input\":{\"@type\":\"PropertyValueSpecification\",\"valueRequired\":true,\"valueName\":\"search_term_string\"}}],\"inLanguage\":\"en-US\"},{\"@type\":\"Organization\",\"@id\":\"https:\/\/szigetvaritamas.com\/en\/#organization\",\"name\":\"Szigetv\u00e1ri Tam\u00e1s\",\"url\":\"https:\/\/szigetvaritamas.com\/en\/\",\"logo\":{\"@type\":\"ImageObject\",\"inLanguage\":\"en-US\",\"@id\":\"https:\/\/szigetvaritamas.com\/en\/#\/schema\/logo\/image\/\",\"url\":\"https:\/\/szigetvaritamas.com\/wp-content\/uploads\/Szigetvari-Tamas-Ceremoniamester-Logo.png\",\"contentUrl\":\"https:\/\/szigetvaritamas.com\/wp-content\/uploads\/Szigetvari-Tamas-Ceremoniamester-Logo.png\",\"width\":794,\"height\":818,\"caption\":\"Szigetv\u00e1ri Tam\u00e1s\"},\"image\":{\"@id\":\"https:\/\/szigetvaritamas.com\/en\/#\/schema\/logo\/image\/\"}}]}<\/script>\n<!-- \/ Yoast SEO plugin. -->","yoast_head_json":{"title":"Szigetv\u00e1ri Tam\u00e1s Wedding Celebrant","description":"To entertain and to be entertained. To surround yourself with happy, cheerful people and be part of the day that marks the beginning of spending your entire life together. At least this is how we set out, the rest is up to you...","robots":{"index":"index","follow":"follow","max-snippet":"max-snippet:-1","max-image-preview":"max-image-preview:large","max-video-preview":"max-video-preview:-1"},"canonical":"https:\/\/szigetvaritamas.com\/en\/wedding-celebrant\/","og_locale":"en_US","og_type":"article","og_title":"Szigetv\u00e1ri Tam\u00e1s Wedding Celebrant","og_description":"To entertain and to be entertained. To surround yourself with happy, cheerful people and be part of the day that marks the beginning of spending your entire life together. At least this is how we set out, the rest is up to you...","og_url":"https:\/\/szigetvaritamas.com\/en\/wedding-celebrant\/","og_site_name":"Szigetv\u00e1ri Tam\u00e1s","article_modified_time":"2024-04-17T13:26:04+00:00","og_image":[{"url":"https:\/\/szigetvaritamas.com\/wp-content\/uploads\/Szigetvari-Tamas-Ceremoniamester-Logo-Mic-1.png","type":"","width":"","height":""}],"twitter_card":"summary_large_image","twitter_title":"Szigetv\u00e1ri Tam\u00e1s Wedding Celebrant","twitter_description":"To entertain and to be entertained. To surround yourself with happy, cheerful people and be part of the day that marks the beginning of spending your entire life together. At least this is how we set out, the rest is up to you...","twitter_image":"https:\/\/szigetvaritamas.com\/wp-content\/uploads\/Szigetvari-Tamas-Ceremoniamester-Logo-Mic-1.png","twitter_misc":{"Est. reading time":"1 minute"},"schema":{"@context":"https:\/\/schema.org","@graph":[{"@type":"WebPage","@id":"https:\/\/szigetvaritamas.com\/en\/wedding-celebrant\/","url":"https:\/\/szigetvaritamas.com\/en\/wedding-celebrant\/","name":"Szigetv\u00e1ri Tam\u00e1s Wedding Celebrant","isPartOf":{"@id":"https:\/\/szigetvaritamas.com\/en\/#website"},"datePublished":"2022-01-08T21:49:18+00:00","dateModified":"2024-04-17T13:26:04+00:00","description":"To entertain and to be entertained. To surround yourself with happy, cheerful people and be part of the day that marks the beginning of spending your entire life together. At least this is how we set out, the rest is up to you...","breadcrumb":{"@id":"https:\/\/szigetvaritamas.com\/en\/wedding-celebrant\/#breadcrumb"},"inLanguage":"en-US","potentialAction":[{"@type":"ReadAction","target":["https:\/\/szigetvaritamas.com\/en\/wedding-celebrant\/"]}]},{"@type":"BreadcrumbList","@id":"https:\/\/szigetvaritamas.com\/en\/wedding-celebrant\/#breadcrumb","itemListElement":[{"@type":"ListItem","position":1,"name":"Kezd\u0151lap","item":"https:\/\/szigetvaritamas.com\/en\/main-page\/"},{"@type":"ListItem","position":2,"name":"WEDDING CELEBRANT"}]},{"@type":"WebSite","@id":"https:\/\/szigetvaritamas.com\/en\/#website","url":"https:\/\/szigetvaritamas.com\/en\/","name":"Szigetv\u00e1ri Tam\u00e1s","description":"Cerem\u00f3niamester esk\u00fcv\u0151re","publisher":{"@id":"https:\/\/szigetvaritamas.com\/en\/#organization"},"potentialAction":[{"@type":"SearchAction","target":{"@type":"EntryPoint","urlTemplate":"https:\/\/szigetvaritamas.com\/en\/?s={search_term_string}"},"query-input":{"@type":"PropertyValueSpecification","valueRequired":true,"valueName":"search_term_string"}}],"inLanguage":"en-US"},{"@type":"Organization","@id":"https:\/\/szigetvaritamas.com\/en\/#organization","name":"Szigetv\u00e1ri Tam\u00e1s","url":"https:\/\/szigetvaritamas.com\/en\/","logo":{"@type":"ImageObject","inLanguage":"en-US","@id":"https:\/\/szigetvaritamas.com\/en\/#\/schema\/logo\/image\/","url":"https:\/\/szigetvaritamas.com\/wp-content\/uploads\/Szigetvari-Tamas-Ceremoniamester-Logo.png","contentUrl":"https:\/\/szigetvaritamas.com\/wp-content\/uploads\/Szigetvari-Tamas-Ceremoniamester-Logo.png","width":794,"height":818,"caption":"Szigetv\u00e1ri Tam\u00e1s"},"image":{"@id":"https:\/\/szigetvaritamas.com\/en\/#\/schema\/logo\/image\/"}}]}},"_links":{"self":[{"href":"https:\/\/szigetvaritamas.com\/en\/wp-json\/wp\/v2\/pages\/1137","targetHints":{"allow":["GET"]}}],"collection":[{"href":"https:\/\/szigetvaritamas.com\/en\/wp-json\/wp\/v2\/pages"}],"about":[{"href":"https:\/\/szigetvaritamas.com\/en\/wp-json\/wp\/v2\/types\/page"}],"author":[{"embeddable":true,"href":"https:\/\/szigetvaritamas.com\/en\/wp-json\/wp\/v2\/users\/1"}],"replies":[{"embeddable":true,"href":"https:\/\/szigetvaritamas.com\/en\/wp-json\/wp\/v2\/comments?post=1137"}],"version-history":[{"count":8,"href":"https:\/\/szigetvaritamas.com\/en\/wp-json\/wp\/v2\/pages\/1137\/revisions"}],"predecessor-version":[{"id":1568,"href":"https:\/\/szigetvaritamas.com\/en\/wp-json\/wp\/v2\/pages\/1137\/revisions\/1568"}],"wp:attachment":[{"href":"https:\/\/szigetvaritamas.com\/en\/wp-json\/wp\/v2\/media?parent=1137"}],"curies":[{"name":"wp","href":"https:\/\/api.w.org\/{rel}","templated":true}]}}