{"id":1125,"date":"2021-12-15T17:56:27","date_gmt":"2021-12-15T17:56:27","guid":{"rendered":"https:\/\/szigetvaritamas.com\/contact\/"},"modified":"2024-04-17T13:27:25","modified_gmt":"2024-04-17T13:27:25","slug":"contact","status":"publish","type":"page","link":"https:\/\/szigetvaritamas.com\/en\/contact\/","title":{"rendered":"Contact"},"content":{"rendered":"\t\t<div data-elementor-type=\"wp-page\" data-elementor-id=\"1125\" class=\"elementor elementor-1125 elementor-34\" data-elementor-post-type=\"page\">\n\t\t\t\t\t\t<section class=\"elementor-section elementor-top-section elementor-element elementor-element-12e1aa5f elementor-section-boxed elementor-section-height-default elementor-section-height-default\" data-id=\"12e1aa5f\" data-element_type=\"section\" data-settings=\"{&quot;background_background&quot;:&quot;classic&quot;}\">\n\t\t\t\t\t\t\t<div class=\"elementor-background-overlay\"><\/div>\n\t\t\t\t\t\t\t<div class=\"elementor-container elementor-column-gap-default\">\n\t\t\t\t\t<div class=\"elementor-column elementor-col-100 elementor-top-column elementor-element elementor-element-627cb555\" data-id=\"627cb555\" data-element_type=\"column\">\n\t\t\t<div class=\"elementor-widget-wrap elementor-element-populated\">\n\t\t\t\t\t\t<div class=\"elementor-element elementor-element-3bb35a55 animated-slow elementor-invisible elementor-widget elementor-widget-heading\" data-id=\"3bb35a55\" data-element_type=\"widget\" data-settings=\"{&quot;_animation&quot;:&quot;fadeInLeft&quot;}\" data-widget_type=\"heading.default\">\n\t\t\t\t<div class=\"elementor-widget-container\">\n\t\t\t\t\t<h2 class=\"elementor-heading-title elementor-size-default\">Contact<\/h2>\t\t\t\t<\/div>\n\t\t\t\t<\/div>\n\t\t\t\t<div class=\"elementor-element elementor-element-c37a248 elementor-widget elementor-widget-heading\" data-id=\"c37a248\" data-element_type=\"widget\" data-widget_type=\"heading.default\">\n\t\t\t\t<div class=\"elementor-widget-container\">\n\t\t\t\t\t<h1 class=\"elementor-heading-title elementor-size-default\">Contact<\/h1>\t\t\t\t<\/div>\n\t\t\t\t<\/div>\n\t\t\t\t\t<\/div>\n\t\t<\/div>\n\t\t\t\t\t<\/div>\n\t\t<\/section>\n\t\t\t\t<section class=\"elementor-section elementor-top-section elementor-element elementor-element-65650f06 elementor-section-content-middle elementor-section-boxed elementor-section-height-default elementor-section-height-default\" data-id=\"65650f06\" data-element_type=\"section\" data-settings=\"{&quot;background_background&quot;:&quot;classic&quot;}\">\n\t\t\t\t\t\t<div class=\"elementor-container elementor-column-gap-default\">\n\t\t\t\t\t<div class=\"elementor-column elementor-col-50 elementor-top-column elementor-element elementor-element-77b4fcc2\" data-id=\"77b4fcc2\" data-element_type=\"column\">\n\t\t\t<div class=\"elementor-widget-wrap elementor-element-populated\">\n\t\t\t\t\t\t<div class=\"elementor-element elementor-element-2091b9 elementor-widget elementor-widget-heading\" data-id=\"2091b9\" data-element_type=\"widget\" data-widget_type=\"heading.default\">\n\t\t\t\t<div class=\"elementor-widget-container\">\n\t\t\t\t\t<h5 class=\"elementor-heading-title elementor-size-default\">Contact me<\/h5>\t\t\t\t<\/div>\n\t\t\t\t<\/div>\n\t\t\t\t<div class=\"elementor-element elementor-element-aa9327 elementor-widget elementor-widget-heading\" data-id=\"aa9327\" data-element_type=\"widget\" data-widget_type=\"heading.default\">\n\t\t\t\t<div class=\"elementor-widget-container\">\n\t\t\t\t\t<h2 class=\"elementor-heading-title elementor-size-default\">Are you interested?\n<\/h2>\t\t\t\t<\/div>\n\t\t\t\t<\/div>\n\t\t\t\t<div class=\"elementor-element elementor-element-5dbc4d95 elementor-widget elementor-widget-text-editor\" data-id=\"5dbc4d95\" data-element_type=\"widget\" data-widget_type=\"text-editor.default\">\n\t\t\t\t<div class=\"elementor-widget-container\">\n\t\t\t\t\t\t\t\t\t<p>Do you want a stylish, modern, clean and somewhat traditional wedding (in English) that is full of laughter, tears of joy, heartfelt moments, closed with a huge party? There is no need to look no further.<br \/>Write to me \/ Call me!<\/p>\n\t\t\t\t\t\t\t\t<\/div>\n\t\t\t\t<\/div>\n\t\t\t\t<section class=\"elementor-section elementor-inner-section elementor-element elementor-element-74b23d20 elementor-section-boxed elementor-section-height-default elementor-section-height-default\" data-id=\"74b23d20\" data-element_type=\"section\">\n\t\t\t\t\t\t<div class=\"elementor-container elementor-column-gap-no\">\n\t\t\t\t\t<div class=\"elementor-column elementor-col-50 elementor-inner-column elementor-element elementor-element-2e318181\" data-id=\"2e318181\" data-element_type=\"column\">\n\t\t\t<div class=\"elementor-widget-wrap elementor-element-populated\">\n\t\t\t\t\t\t<div class=\"elementor-element elementor-element-19b6ab3e elementor-widget elementor-widget-text-editor\" data-id=\"19b6ab3e\" data-element_type=\"widget\" data-widget_type=\"text-editor.default\">\n\t\t\t\t<div class=\"elementor-widget-container\">\n\t\t\t\t\t\t\t\t\t<p>Contact<\/p>\n\t\t\t\t\t\t\t\t<\/div>\n\t\t\t\t<\/div>\n\t\t\t\t<div class=\"elementor-element elementor-element-14db508 elementor-icon-list--layout-traditional elementor-list-item-link-full_width elementor-widget elementor-widget-icon-list\" data-id=\"14db508\" data-element_type=\"widget\" data-widget_type=\"icon-list.default\">\n\t\t\t\t<div class=\"elementor-widget-container\">\n\t\t\t\t\t\t\t<ul class=\"elementor-icon-list-items\">\n\t\t\t\t\t\t\t<li class=\"elementor-icon-list-item\">\n\t\t\t\t\t\t\t\t\t\t\t<a href=\"tel:+36205839166\">\n\n\t\t\t\t\t\t\t\t\t\t\t\t<span class=\"elementor-icon-list-icon\">\n\t\t\t\t\t\t\t<i aria-hidden=\"true\" class=\"fas fa-phone-alt\"><\/i>\t\t\t\t\t\t<\/span>\n\t\t\t\t\t\t\t\t\t\t<span class=\"elementor-icon-list-text\">+(36)-20-583-91-66<\/span>\n\t\t\t\t\t\t\t\t\t\t\t<\/a>\n\t\t\t\t\t\t\t\t\t<\/li>\n\t\t\t\t\t\t\t\t<li class=\"elementor-icon-list-item\">\n\t\t\t\t\t\t\t\t\t\t\t<a href=\"mailto:hello@szigetvaritamas.com\">\n\n\t\t\t\t\t\t\t\t\t\t\t\t<span class=\"elementor-icon-list-icon\">\n\t\t\t\t\t\t\t<i aria-hidden=\"true\" class=\"fas fa-envelope\"><\/i>\t\t\t\t\t\t<\/span>\n\t\t\t\t\t\t\t\t\t\t<span class=\"elementor-icon-list-text\">hello@szigetvaritamas.com<\/span>\n\t\t\t\t\t\t\t\t\t\t\t<\/a>\n\t\t\t\t\t\t\t\t\t<\/li>\n\t\t\t\t\t\t<\/ul>\n\t\t\t\t\t\t<\/div>\n\t\t\t\t<\/div>\n\t\t\t\t\t<\/div>\n\t\t<\/div>\n\t\t\t\t<div class=\"elementor-column elementor-col-50 elementor-inner-column elementor-element elementor-element-c269a53\" data-id=\"c269a53\" data-element_type=\"column\">\n\t\t\t<div class=\"elementor-widget-wrap elementor-element-populated\">\n\t\t\t\t\t\t<div class=\"elementor-element elementor-element-de80eb2 elementor-widget elementor-widget-text-editor\" data-id=\"de80eb2\" data-element_type=\"widget\" data-widget_type=\"text-editor.default\">\n\t\t\t\t<div class=\"elementor-widget-container\">\n\t\t\t\t\t\t\t\t\t<p>SOCIAL<\/p>\n\t\t\t\t\t\t\t\t<\/div>\n\t\t\t\t<\/div>\n\t\t\t\t<div class=\"elementor-element elementor-element-3a81584 elementor-icon-list--layout-traditional elementor-list-item-link-full_width elementor-widget elementor-widget-icon-list\" data-id=\"3a81584\" data-element_type=\"widget\" data-widget_type=\"icon-list.default\">\n\t\t\t\t<div class=\"elementor-widget-container\">\n\t\t\t\t\t\t\t<ul class=\"elementor-icon-list-items\">\n\t\t\t\t\t\t\t<li class=\"elementor-icon-list-item\">\n\t\t\t\t\t\t\t\t\t\t\t<a href=\"https:\/\/www.facebook.com\/szit.mester\">\n\n\t\t\t\t\t\t\t\t\t\t\t\t<span class=\"elementor-icon-list-icon\">\n\t\t\t\t\t\t\t<i aria-hidden=\"true\" class=\"fab fa-facebook-f\"><\/i>\t\t\t\t\t\t<\/span>\n\t\t\t\t\t\t\t\t\t\t<span class=\"elementor-icon-list-text\">fb.com\/szit.mester<\/span>\n\t\t\t\t\t\t\t\t\t\t\t<\/a>\n\t\t\t\t\t\t\t\t\t<\/li>\n\t\t\t\t\t\t\t\t<li class=\"elementor-icon-list-item\">\n\t\t\t\t\t\t\t\t\t\t\t<a href=\"https:\/\/www.instagram.com\/ceremonia_mester\/\">\n\n\t\t\t\t\t\t\t\t\t\t\t\t<span class=\"elementor-icon-list-icon\">\n\t\t\t\t\t\t\t<i aria-hidden=\"true\" class=\"fab fa-instagram\"><\/i>\t\t\t\t\t\t<\/span>\n\t\t\t\t\t\t\t\t\t\t<span class=\"elementor-icon-list-text\">ceremonia_mester<\/span>\n\t\t\t\t\t\t\t\t\t\t\t<\/a>\n\t\t\t\t\t\t\t\t\t<\/li>\n\t\t\t\t\t\t<\/ul>\n\t\t\t\t\t\t<\/div>\n\t\t\t\t<\/div>\n\t\t\t\t\t<\/div>\n\t\t<\/div>\n\t\t\t\t\t<\/div>\n\t\t<\/section>\n\t\t\t\t\t<\/div>\n\t\t<\/div>\n\t\t\t\t<div class=\"elementor-column elementor-col-50 elementor-top-column elementor-element elementor-element-bf8d836\" data-id=\"bf8d836\" data-element_type=\"column\" data-settings=\"{&quot;background_background&quot;:&quot;classic&quot;}\">\n\t\t\t<div class=\"elementor-widget-wrap elementor-element-populated\">\n\t\t\t\t\t\t<div class=\"elementor-element elementor-element-775bc35 elementor-button-align-stretch elementor-widget elementor-widget-form\" data-id=\"775bc35\" data-element_type=\"widget\" data-settings=\"{&quot;step_next_label&quot;:&quot;Following&quot;,&quot;step_previous_label&quot;:&quot;Previous&quot;,&quot;button_width&quot;:&quot;100&quot;,&quot;step_type&quot;:&quot;number_text&quot;,&quot;step_icon_shape&quot;:&quot;circle&quot;}\" data-widget_type=\"form.default\">\n\t\t\t\t<div class=\"elementor-widget-container\">\n\t\t\t\t\t\t\t<form class=\"elementor-form\" method=\"post\" name=\"Messenger\">\n\t\t\t<input type=\"hidden\" name=\"post_id\" value=\"1125\"\/>\n\t\t\t<input type=\"hidden\" name=\"form_id\" value=\"775bc35\"\/>\n\t\t\t<input type=\"hidden\" name=\"referer_title\" value=\"Szigetv\u00e1ri Tam\u00e1s - Contacts\" \/>\n\n\t\t\t\t\t\t\t<input type=\"hidden\" name=\"queried_id\" value=\"1125\"\/>\n\t\t\t\n\t\t\t<div class=\"elementor-form-fields-wrapper elementor-labels-above\">\n\t\t\t\t\t\t\t\t<div class=\"elementor-field-type-text elementor-field-group elementor-column elementor-field-group-name elementor-col-100 elementor-field-required\">\n\t\t\t\t\t\t\t\t\t\t\t\t\t<input size=\"1\" type=\"text\" name=\"form_fields[name]\" id=\"form-field-name\" class=\"elementor-field elementor-size-sm  elementor-field-textual\" placeholder=\"Full name\" required=\"required\" aria-required=\"true\">\n\t\t\t\t\t\t\t\t\t\t\t<\/div>\n\t\t\t\t\t\t\t\t<div class=\"elementor-field-type-email elementor-field-group elementor-column elementor-field-group-email elementor-col-50 elementor-field-required\">\n\t\t\t\t\t\t\t\t\t\t\t\t\t<input size=\"1\" type=\"email\" name=\"form_fields[email]\" id=\"form-field-email\" class=\"elementor-field elementor-size-sm  elementor-field-textual\" placeholder=\"Email\" required=\"required\" aria-required=\"true\">\n\t\t\t\t\t\t\t\t\t\t\t<\/div>\n\t\t\t\t\t\t\t\t<div class=\"elementor-field-type-tel elementor-field-group elementor-column elementor-field-group-tel elementor-col-50 elementor-field-required\">\n\t\t\t\t\t\t\t<input size=\"1\" type=\"tel\" name=\"form_fields[tel]\" id=\"form-field-tel\" class=\"elementor-field elementor-size-sm  elementor-field-textual\" placeholder=\"Phone number\" required=\"required\" aria-required=\"true\" pattern=\"[0-9()#&amp;+*-=.]+\" title=\"Only numbers and phone characters (#, -, *, etc) are accepted.\">\n\n\t\t\t\t\t\t<\/div>\n\t\t\t\t\t\t\t\t<div class=\"elementor-field-type-textarea elementor-field-group elementor-column elementor-field-group-uzenet elementor-col-100\">\n\t\t\t\t\t\t\t\t\t\t\t\t<label for=\"form-field-uzenet\" class=\"elementor-field-label\">\n\t\t\t\t\t\t\t\tMessage\t\t\t\t\t\t\t<\/label>\n\t\t\t\t\t\t<textarea class=\"elementor-field-textual elementor-field  elementor-size-sm\" name=\"form_fields[uzenet]\" id=\"form-field-uzenet\" rows=\"4\" placeholder=\"How can I help?\"><\/textarea>\t\t\t\t<\/div>\n\t\t\t\t\t\t\t\t<div class=\"elementor-field-type-text\">\n\t\t\t\t\t<input size=\"1\" type=\"text\" name=\"form_fields[field_3061914]\" id=\"form-field-field_3061914\" class=\"elementor-field elementor-size-sm \" style=\"display:none !important;\">\t\t\t\t<\/div>\n\t\t\t\t\t\t\t\t<div class=\"elementor-field-type-acceptance elementor-field-group elementor-column elementor-field-group-hozzajarulas elementor-col-100 elementor-field-required\">\n\t\t\t\t\t\t\t<div class=\"elementor-field-subgroup\">\n\t\t\t<span class=\"elementor-field-option\">\n\t\t\t\t<input type=\"checkbox\" name=\"form_fields[hozzajarulas]\" id=\"form-field-hozzajarulas\" class=\"elementor-field elementor-size-sm  elementor-acceptance-field\" required=\"required\" aria-required=\"true\">\n\t\t\t\t<label for=\"form-field-hozzajarulas\">I accept the <a style=\"color: #AD974F;\" href=\"https:\/\/szigetvaritamas.com\/adatkezelesi_tajekoztato.pdf\" target=\"_blank\" rel=\"noopener\">Privacy Notice<\/a> Consent can be withdrawn at any time.<\/label>\t\t\t<\/span>\n\t\t<\/div>\n\t\t\t\t\t\t<\/div>\n\t\t\t\t\t\t\t\t<div class=\"elementor-field-group elementor-column elementor-field-type-submit elementor-col-100 e-form__buttons\">\n\t\t\t\t\t<button class=\"elementor-button elementor-size-md\" type=\"submit\">\n\t\t\t\t\t\t<span class=\"elementor-button-content-wrapper\">\n\t\t\t\t\t\t\t\t\t\t\t\t\t\t\t\t\t\t\t\t\t\t<span class=\"elementor-button-text\">SEND<\/span>\n\t\t\t\t\t\t\t\t\t\t\t\t\t<\/span>\n\t\t\t\t\t<\/button>\n\t\t\t\t<\/div>\n\t\t\t<\/div>\n\t\t<\/form>\n\t\t\t\t\t\t<\/div>\n\t\t\t\t<\/div>\n\t\t\t\t\t<\/div>\n\t\t<\/div>\n\t\t\t\t\t<\/div>\n\t\t<\/section>\n\t\t\t\t<section class=\"elementor-section elementor-top-section elementor-element elementor-element-3ec6c701 elementor-section-full_width elementor-section-height-default elementor-section-height-default\" data-id=\"3ec6c701\" data-element_type=\"section\">\n\t\t\t\t\t\t<div class=\"elementor-container elementor-column-gap-no\">\n\t\t\t\t\t<div class=\"elementor-column elementor-col-100 elementor-top-column elementor-element elementor-element-24a3db9f\" data-id=\"24a3db9f\" data-element_type=\"column\">\n\t\t\t<div class=\"elementor-widget-wrap elementor-element-populated\">\n\t\t\t\t\t\t<div class=\"elementor-element elementor-element-63524b92 elementor-widget elementor-widget-google_maps\" data-id=\"63524b92\" data-element_type=\"widget\" data-widget_type=\"google_maps.default\">\n\t\t\t\t<div class=\"elementor-widget-container\">\n\t\t\t\t\t\t\t<div class=\"elementor-custom-embed\">\n\t\t\t<iframe loading=\"lazy\"\n\t\t\t\t\tsrc=\"https:\/\/maps.google.com\/maps?q=Magyarorsz%C3%A1g&#038;t=m&#038;z=7&#038;output=embed&#038;iwloc=near\"\n\t\t\t\t\ttitle=\"Magyarorsz\u00e1g\"\n\t\t\t\t\taria-label=\"Magyarorsz\u00e1g\"\n\t\t\t><\/iframe>\n\t\t<\/div>\n\t\t\t\t\t\t<\/div>\n\t\t\t\t<\/div>\n\t\t\t\t\t<\/div>\n\t\t<\/div>\n\t\t\t\t\t<\/div>\n\t\t<\/section>\n\t\t\t\t<\/div>\n\t\t","protected":false},"excerpt":{"rendered":"<p>Contact Contact Contact me Are you interested? Do you want a stylish, modern, clean and somewhat traditional wedding (in English) that is full of laughter, tears of joy, heartfelt moments, closed with a huge party? There is no need to look no further.Write to me \/ Call me! Contact +(36)-20-583-91-66 hello@szigetvaritamas.com SOCIAL fb.com\/szit.mester ceremonia_mester<\/p>\n","protected":false},"author":1,"featured_media":0,"parent":0,"menu_order":0,"comment_status":"closed","ping_status":"closed","template":"elementor_header_footer","meta":{"footnotes":""},"class_list":["post-1125","page","type-page","status-publish","hentry"],"yoast_head":"<!-- This site is optimized with the Yoast SEO plugin v25.7 - https:\/\/yoast.com\/wordpress\/plugins\/seo\/ -->\n<title>Szigetv\u00e1ri Tam\u00e1s - Contacts<\/title>\n<meta name=\"description\" content=\"To entertain and to be entertained. To surround yourself with happy, cheerful people and be part of the day that marks the beginning of spending your entire life together. At least this is how we set out, the rest is up to you...\" \/>\n<meta name=\"robots\" content=\"index, follow, max-snippet:-1, max-image-preview:large, max-video-preview:-1\" \/>\n<link rel=\"canonical\" href=\"https:\/\/szigetvaritamas.com\/en\/contact\/\" \/>\n<meta property=\"og:locale\" content=\"en_US\" \/>\n<meta property=\"og:type\" content=\"article\" \/>\n<meta property=\"og:title\" content=\"Szigetv\u00e1ri Tam\u00e1s - Contacts\" \/>\n<meta property=\"og:description\" content=\"To entertain and to be entertained. To surround yourself with happy, cheerful people and be part of the day that marks the beginning of spending your entire life together. At least this is how we set out, the rest is up to you...\" \/>\n<meta property=\"og:url\" content=\"https:\/\/szigetvaritamas.com\/en\/contact\/\" \/>\n<meta property=\"og:site_name\" content=\"Szigetv\u00e1ri Tam\u00e1s\" \/>\n<meta property=\"article:modified_time\" content=\"2024-04-17T13:27:25+00:00\" \/>\n<meta property=\"og:image\" content=\"https:\/\/szigetvaritamas.com\/wp-content\/uploads\/Szigetvari-Tamas-Ceremoniamester-Logo-Mic-1.png\" \/>\n<meta name=\"twitter:card\" content=\"summary_large_image\" \/>\n<meta name=\"twitter:title\" content=\"Szigetv\u00e1ri Tam\u00e1s - Contacts\" \/>\n<meta name=\"twitter:description\" content=\"To entertain and to be entertained. To surround yourself with happy, cheerful people and be part of the day that marks the beginning of spending your entire life together. At least this is how we set out, the rest is up to you...\" \/>\n<meta name=\"twitter:image\" content=\"https:\/\/szigetvaritamas.com\/wp-content\/uploads\/Szigetvari-Tamas-Ceremoniamester-Logo-Mic-1.png\" \/>\n<meta name=\"twitter:label1\" content=\"Est. reading time\" \/>\n\t<meta name=\"twitter:data1\" content=\"1 minute\" \/>\n<script type=\"application\/ld+json\" class=\"yoast-schema-graph\">{\"@context\":\"https:\/\/schema.org\",\"@graph\":[{\"@type\":\"WebPage\",\"@id\":\"https:\/\/szigetvaritamas.com\/en\/contact\/\",\"url\":\"https:\/\/szigetvaritamas.com\/en\/contact\/\",\"name\":\"Szigetv\u00e1ri Tam\u00e1s - Contacts\",\"isPartOf\":{\"@id\":\"https:\/\/szigetvaritamas.com\/en\/#website\"},\"datePublished\":\"2021-12-15T17:56:27+00:00\",\"dateModified\":\"2024-04-17T13:27:25+00:00\",\"description\":\"To entertain and to be entertained. To surround yourself with happy, cheerful people and be part of the day that marks the beginning of spending your entire life together. At least this is how we set out, the rest is up to you...\",\"breadcrumb\":{\"@id\":\"https:\/\/szigetvaritamas.com\/en\/contact\/#breadcrumb\"},\"inLanguage\":\"en-US\",\"potentialAction\":[{\"@type\":\"ReadAction\",\"target\":[\"https:\/\/szigetvaritamas.com\/en\/contact\/\"]}]},{\"@type\":\"BreadcrumbList\",\"@id\":\"https:\/\/szigetvaritamas.com\/en\/contact\/#breadcrumb\",\"itemListElement\":[{\"@type\":\"ListItem\",\"position\":1,\"name\":\"Kezd\u0151lap\",\"item\":\"https:\/\/szigetvaritamas.com\/en\/main-page\/\"},{\"@type\":\"ListItem\",\"position\":2,\"name\":\"Contact\"}]},{\"@type\":\"WebSite\",\"@id\":\"https:\/\/szigetvaritamas.com\/en\/#website\",\"url\":\"https:\/\/szigetvaritamas.com\/en\/\",\"name\":\"Szigetv\u00e1ri Tam\u00e1s\",\"description\":\"Cerem\u00f3niamester esk\u00fcv\u0151re\",\"publisher\":{\"@id\":\"https:\/\/szigetvaritamas.com\/en\/#organization\"},\"potentialAction\":[{\"@type\":\"SearchAction\",\"target\":{\"@type\":\"EntryPoint\",\"urlTemplate\":\"https:\/\/szigetvaritamas.com\/en\/?s={search_term_string}\"},\"query-input\":{\"@type\":\"PropertyValueSpecification\",\"valueRequired\":true,\"valueName\":\"search_term_string\"}}],\"inLanguage\":\"en-US\"},{\"@type\":\"Organization\",\"@id\":\"https:\/\/szigetvaritamas.com\/en\/#organization\",\"name\":\"Szigetv\u00e1ri Tam\u00e1s\",\"url\":\"https:\/\/szigetvaritamas.com\/en\/\",\"logo\":{\"@type\":\"ImageObject\",\"inLanguage\":\"en-US\",\"@id\":\"https:\/\/szigetvaritamas.com\/en\/#\/schema\/logo\/image\/\",\"url\":\"https:\/\/szigetvaritamas.com\/wp-content\/uploads\/Szigetvari-Tamas-Ceremoniamester-Logo.png\",\"contentUrl\":\"https:\/\/szigetvaritamas.com\/wp-content\/uploads\/Szigetvari-Tamas-Ceremoniamester-Logo.png\",\"width\":794,\"height\":818,\"caption\":\"Szigetv\u00e1ri Tam\u00e1s\"},\"image\":{\"@id\":\"https:\/\/szigetvaritamas.com\/en\/#\/schema\/logo\/image\/\"}}]}<\/script>\n<!-- \/ Yoast SEO plugin. -->","yoast_head_json":{"title":"Szigetv\u00e1ri Tam\u00e1s - Contacts","description":"To entertain and to be entertained. To surround yourself with happy, cheerful people and be part of the day that marks the beginning of spending your entire life together. At least this is how we set out, the rest is up to you...","robots":{"index":"index","follow":"follow","max-snippet":"max-snippet:-1","max-image-preview":"max-image-preview:large","max-video-preview":"max-video-preview:-1"},"canonical":"https:\/\/szigetvaritamas.com\/en\/contact\/","og_locale":"en_US","og_type":"article","og_title":"Szigetv\u00e1ri Tam\u00e1s - Contacts","og_description":"To entertain and to be entertained. To surround yourself with happy, cheerful people and be part of the day that marks the beginning of spending your entire life together. At least this is how we set out, the rest is up to you...","og_url":"https:\/\/szigetvaritamas.com\/en\/contact\/","og_site_name":"Szigetv\u00e1ri Tam\u00e1s","article_modified_time":"2024-04-17T13:27:25+00:00","og_image":[{"url":"https:\/\/szigetvaritamas.com\/wp-content\/uploads\/Szigetvari-Tamas-Ceremoniamester-Logo-Mic-1.png","type":"","width":"","height":""}],"twitter_card":"summary_large_image","twitter_title":"Szigetv\u00e1ri Tam\u00e1s - Contacts","twitter_description":"To entertain and to be entertained. To surround yourself with happy, cheerful people and be part of the day that marks the beginning of spending your entire life together. At least this is how we set out, the rest is up to you...","twitter_image":"https:\/\/szigetvaritamas.com\/wp-content\/uploads\/Szigetvari-Tamas-Ceremoniamester-Logo-Mic-1.png","twitter_misc":{"Est. reading time":"1 minute"},"schema":{"@context":"https:\/\/schema.org","@graph":[{"@type":"WebPage","@id":"https:\/\/szigetvaritamas.com\/en\/contact\/","url":"https:\/\/szigetvaritamas.com\/en\/contact\/","name":"Szigetv\u00e1ri Tam\u00e1s - Contacts","isPartOf":{"@id":"https:\/\/szigetvaritamas.com\/en\/#website"},"datePublished":"2021-12-15T17:56:27+00:00","dateModified":"2024-04-17T13:27:25+00:00","description":"To entertain and to be entertained. To surround yourself with happy, cheerful people and be part of the day that marks the beginning of spending your entire life together. At least this is how we set out, the rest is up to you...","breadcrumb":{"@id":"https:\/\/szigetvaritamas.com\/en\/contact\/#breadcrumb"},"inLanguage":"en-US","potentialAction":[{"@type":"ReadAction","target":["https:\/\/szigetvaritamas.com\/en\/contact\/"]}]},{"@type":"BreadcrumbList","@id":"https:\/\/szigetvaritamas.com\/en\/contact\/#breadcrumb","itemListElement":[{"@type":"ListItem","position":1,"name":"Kezd\u0151lap","item":"https:\/\/szigetvaritamas.com\/en\/main-page\/"},{"@type":"ListItem","position":2,"name":"Contact"}]},{"@type":"WebSite","@id":"https:\/\/szigetvaritamas.com\/en\/#website","url":"https:\/\/szigetvaritamas.com\/en\/","name":"Szigetv\u00e1ri Tam\u00e1s","description":"Cerem\u00f3niamester esk\u00fcv\u0151re","publisher":{"@id":"https:\/\/szigetvaritamas.com\/en\/#organization"},"potentialAction":[{"@type":"SearchAction","target":{"@type":"EntryPoint","urlTemplate":"https:\/\/szigetvaritamas.com\/en\/?s={search_term_string}"},"query-input":{"@type":"PropertyValueSpecification","valueRequired":true,"valueName":"search_term_string"}}],"inLanguage":"en-US"},{"@type":"Organization","@id":"https:\/\/szigetvaritamas.com\/en\/#organization","name":"Szigetv\u00e1ri Tam\u00e1s","url":"https:\/\/szigetvaritamas.com\/en\/","logo":{"@type":"ImageObject","inLanguage":"en-US","@id":"https:\/\/szigetvaritamas.com\/en\/#\/schema\/logo\/image\/","url":"https:\/\/szigetvaritamas.com\/wp-content\/uploads\/Szigetvari-Tamas-Ceremoniamester-Logo.png","contentUrl":"https:\/\/szigetvaritamas.com\/wp-content\/uploads\/Szigetvari-Tamas-Ceremoniamester-Logo.png","width":794,"height":818,"caption":"Szigetv\u00e1ri Tam\u00e1s"},"image":{"@id":"https:\/\/szigetvaritamas.com\/en\/#\/schema\/logo\/image\/"}}]}},"_links":{"self":[{"href":"https:\/\/szigetvaritamas.com\/en\/wp-json\/wp\/v2\/pages\/1125","targetHints":{"allow":["GET"]}}],"collection":[{"href":"https:\/\/szigetvaritamas.com\/en\/wp-json\/wp\/v2\/pages"}],"about":[{"href":"https:\/\/szigetvaritamas.com\/en\/wp-json\/wp\/v2\/types\/page"}],"author":[{"embeddable":true,"href":"https:\/\/szigetvaritamas.com\/en\/wp-json\/wp\/v2\/users\/1"}],"replies":[{"embeddable":true,"href":"https:\/\/szigetvaritamas.com\/en\/wp-json\/wp\/v2\/comments?post=1125"}],"version-history":[{"count":17,"href":"https:\/\/szigetvaritamas.com\/en\/wp-json\/wp\/v2\/pages\/1125\/revisions"}],"predecessor-version":[{"id":1573,"href":"https:\/\/szigetvaritamas.com\/en\/wp-json\/wp\/v2\/pages\/1125\/revisions\/1573"}],"wp:attachment":[{"href":"https:\/\/szigetvaritamas.com\/en\/wp-json\/wp\/v2\/media?parent=1125"}],"curies":[{"name":"wp","href":"https:\/\/api.w.org\/{rel}","templated":true}]}}