{"id":1119,"date":"2021-12-15T17:56:22","date_gmt":"2021-12-15T17:56:22","guid":{"rendered":"https:\/\/szigetvaritamas.com\/blog\/"},"modified":"2024-04-17T13:27:24","modified_gmt":"2024-04-17T13:27:24","slug":"blog","status":"publish","type":"page","link":"https:\/\/szigetvaritamas.com\/en\/blog\/","title":{"rendered":"Blog"},"content":{"rendered":"\t\t<div data-elementor-type=\"wp-page\" data-elementor-id=\"1119\" class=\"elementor elementor-1119 elementor-33\" data-elementor-post-type=\"page\">\n\t\t\t\t\t\t<section class=\"elementor-section elementor-top-section elementor-element elementor-element-621c05a elementor-section-boxed elementor-section-height-default elementor-section-height-default\" data-id=\"621c05a\" data-element_type=\"section\" data-settings=\"{&quot;background_background&quot;:&quot;classic&quot;,&quot;background_motion_fx_motion_fx_scrolling&quot;:&quot;yes&quot;,&quot;background_motion_fx_scale_effect&quot;:&quot;yes&quot;,&quot;background_motion_fx_scale_direction&quot;:&quot;in-out&quot;,&quot;background_motion_fx_scale_speed&quot;:{&quot;unit&quot;:&quot;px&quot;,&quot;size&quot;:3,&quot;sizes&quot;:[]},&quot;background_motion_fx_scale_range&quot;:{&quot;unit&quot;:&quot;%&quot;,&quot;size&quot;:&quot;&quot;,&quot;sizes&quot;:{&quot;start&quot;:0,&quot;end&quot;:20}},&quot;background_motion_fx_devices&quot;:[&quot;desktop&quot;,&quot;tablet&quot;,&quot;mobile&quot;]}\">\n\t\t\t\t\t\t\t<div class=\"elementor-background-overlay\"><\/div>\n\t\t\t\t\t\t\t<div class=\"elementor-container elementor-column-gap-default\">\n\t\t\t\t\t<div class=\"elementor-column elementor-col-100 elementor-top-column elementor-element elementor-element-5c1a3b43\" data-id=\"5c1a3b43\" data-element_type=\"column\">\n\t\t\t<div class=\"elementor-widget-wrap elementor-element-populated\">\n\t\t\t\t\t\t<div class=\"elementor-element elementor-element-32cc857f elementor-widget elementor-widget-heading\" data-id=\"32cc857f\" data-element_type=\"widget\" data-widget_type=\"heading.default\">\n\t\t\t\t<div class=\"elementor-widget-container\">\n\t\t\t\t\t<h1 class=\"elementor-heading-title elementor-size-default\">BLOG<\/h1>\t\t\t\t<\/div>\n\t\t\t\t<\/div>\n\t\t\t\t<div class=\"elementor-element elementor-element-125945c7 elementor-widget elementor-widget-heading\" data-id=\"125945c7\" data-element_type=\"widget\" data-widget_type=\"heading.default\">\n\t\t\t\t<div class=\"elementor-widget-container\">\n\t\t\t\t\t<h4 class=\"elementor-heading-title elementor-size-default\">Articles, news, facts that could be of interest to you.<\/h4>\t\t\t\t<\/div>\n\t\t\t\t<\/div>\n\t\t\t\t<div class=\"elementor-element elementor-element-7a76a96c elementor-view-default elementor-invisible elementor-widget elementor-widget-icon\" data-id=\"7a76a96c\" data-element_type=\"widget\" data-settings=\"{&quot;_animation&quot;:&quot;bounceInDown&quot;,&quot;_animation_delay&quot;:200}\" data-widget_type=\"icon.default\">\n\t\t\t\t<div class=\"elementor-widget-container\">\n\t\t\t\t\t\t\t<div class=\"elementor-icon-wrapper\">\n\t\t\t<a class=\"elementor-icon\" href=\"#folytatas\">\n\t\t\t<i aria-hidden=\"true\" class=\"fas fa-chevron-down\"><\/i>\t\t\t<\/a>\n\t\t<\/div>\n\t\t\t\t\t\t<\/div>\n\t\t\t\t<\/div>\n\t\t\t\t\t<\/div>\n\t\t<\/div>\n\t\t\t\t\t<\/div>\n\t\t<\/section>\n\t\t\t\t<section class=\"elementor-section elementor-top-section elementor-element elementor-element-1f6310d elementor-section-boxed elementor-section-height-default elementor-section-height-default\" data-id=\"1f6310d\" data-element_type=\"section\" id=\"folytatas\" data-settings=\"{&quot;background_background&quot;:&quot;classic&quot;}\">\n\t\t\t\t\t\t<div class=\"elementor-container elementor-column-gap-default\">\n\t\t\t\t\t<div class=\"elementor-column elementor-col-100 elementor-top-column elementor-element elementor-element-5021f71\" data-id=\"5021f71\" data-element_type=\"column\">\n\t\t\t<div class=\"elementor-widget-wrap elementor-element-populated\">\n\t\t\t\t\t\t<div class=\"elementor-element elementor-element-69b7944 elementor-widget elementor-widget-text-editor\" data-id=\"69b7944\" data-element_type=\"widget\" data-widget_type=\"text-editor.default\">\n\t\t\t\t<div class=\"elementor-widget-container\">\n\t\t\t\t\t\t\t\t\t<p>My recent articles<\/p>\n\t\t\t\t\t\t\t\t<\/div>\n\t\t\t\t<\/div>\n\t\t\t\t\t<\/div>\n\t\t<\/div>\n\t\t\t\t\t<\/div>\n\t\t<\/section>\n\t\t\t\t<section class=\"elementor-section elementor-top-section elementor-element elementor-element-f6f67b3 elementor-section-content-middle elementor-section-boxed elementor-section-height-default elementor-section-height-default\" data-id=\"f6f67b3\" data-element_type=\"section\">\n\t\t\t\t\t\t<div class=\"elementor-container elementor-column-gap-default\">\n\t\t\t\t\t<div class=\"elementor-column elementor-col-100 elementor-top-column elementor-element elementor-element-04a2ced\" data-id=\"04a2ced\" data-element_type=\"column\">\n\t\t\t<div class=\"elementor-widget-wrap elementor-element-populated\">\n\t\t\t\t\t\t<div class=\"elementor-element elementor-element-2d771ed elementor-grid-3 elementor-grid-tablet-2 elementor-grid-mobile-1 elementor-posts--thumbnail-top elementor-posts--show-avatar elementor-card-shadow-yes elementor-posts__hover-gradient elementor-widget elementor-widget-posts\" data-id=\"2d771ed\" data-element_type=\"widget\" data-settings=\"{&quot;cards_masonry&quot;:&quot;yes&quot;,&quot;pagination_type&quot;:&quot;numbers_and_prev_next&quot;,&quot;cards_columns&quot;:&quot;3&quot;,&quot;cards_columns_tablet&quot;:&quot;2&quot;,&quot;cards_columns_mobile&quot;:&quot;1&quot;,&quot;cards_row_gap&quot;:{&quot;unit&quot;:&quot;px&quot;,&quot;size&quot;:35,&quot;sizes&quot;:[]},&quot;cards_row_gap_tablet&quot;:{&quot;unit&quot;:&quot;px&quot;,&quot;size&quot;:&quot;&quot;,&quot;sizes&quot;:[]},&quot;cards_row_gap_mobile&quot;:{&quot;unit&quot;:&quot;px&quot;,&quot;size&quot;:&quot;&quot;,&quot;sizes&quot;:[]}}\" data-widget_type=\"posts.cards\">\n\t\t\t\t<div class=\"elementor-widget-container\">\n\t\t\t\t\t\t\t<div class=\"elementor-posts-container elementor-posts elementor-posts--skin-cards elementor-grid\">\n\t\t\t\t<article class=\"elementor-post elementor-grid-item post-1594 post type-post status-publish format-standard has-post-thumbnail hentry category-advices\">\n\t\t\t<div class=\"elementor-post__card\">\n\t\t\t\t<a class=\"elementor-post__thumbnail__link\" href=\"https:\/\/szigetvaritamas.com\/en\/10-important-criteria-for-choosing-your-wedding-mc\/\" tabindex=\"-1\" ><div class=\"elementor-post__thumbnail\"><img fetchpriority=\"high\" decoding=\"async\" width=\"700\" height=\"467\" src=\"https:\/\/szigetvaritamas.com\/wp-content\/uploads\/ceremoniamester-az-eskuvore-45-700x467.jpg\" class=\"attachment-medium size-medium wp-image-1050\" alt=\"\" srcset=\"https:\/\/szigetvaritamas.com\/wp-content\/uploads\/ceremoniamester-az-eskuvore-45-700x467.jpg 700w, https:\/\/szigetvaritamas.com\/wp-content\/uploads\/ceremoniamester-az-eskuvore-45-1024x683.jpg 1024w, https:\/\/szigetvaritamas.com\/wp-content\/uploads\/ceremoniamester-az-eskuvore-45-768x512.jpg 768w, https:\/\/szigetvaritamas.com\/wp-content\/uploads\/ceremoniamester-az-eskuvore-45.jpg 1500w\" sizes=\"(max-width: 700px) 100vw, 700px\" \/><\/div><\/a>\n\t\t\t\t<div class=\"elementor-post__badge\">advices<\/div>\n\t\t\t\t<div class=\"elementor-post__avatar\">\n\t\t\t<img alt='Szigetv\u00e1ri Tam\u00e1s' src='https:\/\/secure.gravatar.com\/avatar\/3da1ced721f7d6f51fad973765b2528a732551fa452fd4c103ced9cef302a264?s=128&#038;d=mm&#038;r=g' srcset='https:\/\/secure.gravatar.com\/avatar\/3da1ced721f7d6f51fad973765b2528a732551fa452fd4c103ced9cef302a264?s=256&#038;d=mm&#038;r=g 2x' class='avatar avatar-128 photo' height='128' width='128' \/>\t\t<\/div>\n\t\t\t\t<div class=\"elementor-post__text\">\n\t\t\t\t<h3 class=\"elementor-post__title\">\n\t\t\t<a href=\"https:\/\/szigetvaritamas.com\/en\/10-important-criteria-for-choosing-your-wedding-mc\/\" >\n\t\t\t\t10 important criteria for choosing your wedding MC\t\t\t<\/a>\n\t\t<\/h3>\n\t\t\t\t<div class=\"elementor-post__excerpt\">\n\t\t\t<p>It depends. Nowadays there are many names for a wedding coordinator, so you cannot draw a clear separation between the Hungarian best man and a<\/p>\n\t\t<\/div>\n\t\t\n\t\t<a class=\"elementor-post__read-more\" href=\"https:\/\/szigetvaritamas.com\/en\/10-important-criteria-for-choosing-your-wedding-mc\/\" aria-label=\"Read more about 10 important criteria for choosing your wedding MC\" tabindex=\"-1\" >\n\t\t\tRead more \u00bb\t\t<\/a>\n\n\t\t\t\t<\/div>\n\t\t\t\t\t<\/div>\n\t\t<\/article>\n\t\t\t\t<article class=\"elementor-post elementor-grid-item post-1141 post type-post status-publish format-standard has-post-thumbnail hentry category-master-of-ceremonies\">\n\t\t\t<div class=\"elementor-post__card\">\n\t\t\t\t<a class=\"elementor-post__thumbnail__link\" href=\"https:\/\/szigetvaritamas.com\/en\/what-is-the-difference-between-a-hungarian-best-man-vofely-and-a-master-of-ceremonies\/\" tabindex=\"-1\" ><div class=\"elementor-post__thumbnail\"><img decoding=\"async\" width=\"700\" height=\"467\" src=\"https:\/\/szigetvaritamas.com\/wp-content\/uploads\/ceremoniamester-az-eskuvore-40-700x467.jpg\" class=\"attachment-medium size-medium wp-image-1045\" alt=\"\" srcset=\"https:\/\/szigetvaritamas.com\/wp-content\/uploads\/ceremoniamester-az-eskuvore-40-700x467.jpg 700w, https:\/\/szigetvaritamas.com\/wp-content\/uploads\/ceremoniamester-az-eskuvore-40-1024x683.jpg 1024w, https:\/\/szigetvaritamas.com\/wp-content\/uploads\/ceremoniamester-az-eskuvore-40-768x513.jpg 768w, https:\/\/szigetvaritamas.com\/wp-content\/uploads\/ceremoniamester-az-eskuvore-40.jpg 1500w\" sizes=\"(max-width: 700px) 100vw, 700px\" \/><\/div><\/a>\n\t\t\t\t<div class=\"elementor-post__badge\">Master of ceremonies<\/div>\n\t\t\t\t<div class=\"elementor-post__avatar\">\n\t\t\t<img alt='Szigetv\u00e1ri Tam\u00e1s' src='https:\/\/secure.gravatar.com\/avatar\/3da1ced721f7d6f51fad973765b2528a732551fa452fd4c103ced9cef302a264?s=128&#038;d=mm&#038;r=g' srcset='https:\/\/secure.gravatar.com\/avatar\/3da1ced721f7d6f51fad973765b2528a732551fa452fd4c103ced9cef302a264?s=256&#038;d=mm&#038;r=g 2x' class='avatar avatar-128 photo' height='128' width='128' \/>\t\t<\/div>\n\t\t\t\t<div class=\"elementor-post__text\">\n\t\t\t\t<h3 class=\"elementor-post__title\">\n\t\t\t<a href=\"https:\/\/szigetvaritamas.com\/en\/what-is-the-difference-between-a-hungarian-best-man-vofely-and-a-master-of-ceremonies\/\" >\n\t\t\t\tWhat is the difference between a Hungarian Best Man (v\u0151f\u00e9ly) and a Master of Ceremonies?\t\t\t<\/a>\n\t\t<\/h3>\n\t\t\t\t<div class=\"elementor-post__excerpt\">\n\t\t\t<p>It depends. Nowadays there are many names for a wedding coordinator, so you cannot draw a clear separation between the Hungarian best man and a<\/p>\n\t\t<\/div>\n\t\t\n\t\t<a class=\"elementor-post__read-more\" href=\"https:\/\/szigetvaritamas.com\/en\/what-is-the-difference-between-a-hungarian-best-man-vofely-and-a-master-of-ceremonies\/\" aria-label=\"Read more about What is the difference between a Hungarian Best Man (v\u0151f\u00e9ly) and a Master of Ceremonies?\" tabindex=\"-1\" >\n\t\t\tRead more \u00bb\t\t<\/a>\n\n\t\t\t\t<\/div>\n\t\t\t\t\t<\/div>\n\t\t<\/article>\n\t\t\t\t<article class=\"elementor-post elementor-grid-item post-1143 post type-post status-publish format-standard has-post-thumbnail hentry category-master-of-ceremonies\">\n\t\t\t<div class=\"elementor-post__card\">\n\t\t\t\t<a class=\"elementor-post__thumbnail__link\" href=\"https:\/\/szigetvaritamas.com\/en\/why-do-you-need-an-mc-for-a-wedding\/\" tabindex=\"-1\" ><div class=\"elementor-post__thumbnail\"><img decoding=\"async\" width=\"700\" height=\"467\" src=\"https:\/\/szigetvaritamas.com\/wp-content\/uploads\/szigetvari-tamas-ceremoniamester-musorvezetes-700x467.jpg\" class=\"attachment-medium size-medium wp-image-962\" alt=\"\" srcset=\"https:\/\/szigetvaritamas.com\/wp-content\/uploads\/szigetvari-tamas-ceremoniamester-musorvezetes-700x467.jpg 700w, https:\/\/szigetvaritamas.com\/wp-content\/uploads\/szigetvari-tamas-ceremoniamester-musorvezetes-1024x683.jpg 1024w, https:\/\/szigetvaritamas.com\/wp-content\/uploads\/szigetvari-tamas-ceremoniamester-musorvezetes-768x512.jpg 768w, https:\/\/szigetvaritamas.com\/wp-content\/uploads\/szigetvari-tamas-ceremoniamester-musorvezetes.jpg 1200w\" sizes=\"(max-width: 700px) 100vw, 700px\" \/><\/div><\/a>\n\t\t\t\t<div class=\"elementor-post__badge\">Master of ceremonies<\/div>\n\t\t\t\t<div class=\"elementor-post__avatar\">\n\t\t\t<img alt='Szigetv\u00e1ri Tam\u00e1s' src='https:\/\/secure.gravatar.com\/avatar\/3da1ced721f7d6f51fad973765b2528a732551fa452fd4c103ced9cef302a264?s=128&#038;d=mm&#038;r=g' srcset='https:\/\/secure.gravatar.com\/avatar\/3da1ced721f7d6f51fad973765b2528a732551fa452fd4c103ced9cef302a264?s=256&#038;d=mm&#038;r=g 2x' class='avatar avatar-128 photo' height='128' width='128' \/>\t\t<\/div>\n\t\t\t\t<div class=\"elementor-post__text\">\n\t\t\t\t<h3 class=\"elementor-post__title\">\n\t\t\t<a href=\"https:\/\/szigetvaritamas.com\/en\/why-do-you-need-an-mc-for-a-wedding\/\" >\n\t\t\t\tWhy do you need an MC for a wedding?\t\t\t<\/a>\n\t\t<\/h3>\n\t\t\t\t<div class=\"elementor-post__excerpt\">\n\t\t\t<p>For the same reason why you need a captain in an army. \ud83d\ude42 Alright, we shouldn\u2019t compare a wedding to a war, but rest assured<\/p>\n\t\t<\/div>\n\t\t\n\t\t<a class=\"elementor-post__read-more\" href=\"https:\/\/szigetvaritamas.com\/en\/why-do-you-need-an-mc-for-a-wedding\/\" aria-label=\"Read more about Why do you need an MC for a wedding?\" tabindex=\"-1\" >\n\t\t\tRead more \u00bb\t\t<\/a>\n\n\t\t\t\t<\/div>\n\t\t\t\t\t<\/div>\n\t\t<\/article>\n\t\t\t\t<\/div>\n\t\t\n\t\t\t\t\t\t<\/div>\n\t\t\t\t<\/div>\n\t\t\t\t\t<\/div>\n\t\t<\/div>\n\t\t\t\t\t<\/div>\n\t\t<\/section>\n\t\t\t\t<\/div>\n\t\t","protected":false},"excerpt":{"rendered":"<p>BLOG Articles, news, facts that could be of interest to you. My recent articles<\/p>\n","protected":false},"author":1,"featured_media":0,"parent":0,"menu_order":0,"comment_status":"closed","ping_status":"closed","template":"elementor_header_footer","meta":{"footnotes":""},"class_list":["post-1119","page","type-page","status-publish","hentry"],"yoast_head":"<!-- This site is optimized with the Yoast SEO plugin v25.7 - https:\/\/yoast.com\/wordpress\/plugins\/seo\/ -->\n<title>Szigetv\u00e1ri Tam\u00e1s Blog<\/title>\n<meta name=\"description\" content=\"To entertain and to be entertained. To surround yourself with happy, cheerful people and be part of the day that marks the beginning of spending your entire life together. At least this is how we set out, the rest is up to you...\" \/>\n<meta name=\"robots\" content=\"index, follow, max-snippet:-1, max-image-preview:large, max-video-preview:-1\" \/>\n<link rel=\"canonical\" href=\"https:\/\/szigetvaritamas.com\/en\/blog\/\" \/>\n<meta property=\"og:locale\" content=\"en_US\" \/>\n<meta property=\"og:type\" content=\"article\" \/>\n<meta property=\"og:title\" content=\"Szigetv\u00e1ri Tam\u00e1s Blog\" \/>\n<meta property=\"og:description\" content=\"To entertain and to be entertained. To surround yourself with happy, cheerful people and be part of the day that marks the beginning of spending your entire life together. At least this is how we set out, the rest is up to you...\" \/>\n<meta property=\"og:url\" content=\"https:\/\/szigetvaritamas.com\/en\/blog\/\" \/>\n<meta property=\"og:site_name\" content=\"Szigetv\u00e1ri Tam\u00e1s\" \/>\n<meta property=\"article:modified_time\" content=\"2024-04-17T13:27:24+00:00\" \/>\n<meta property=\"og:image\" content=\"https:\/\/szigetvaritamas.com\/wp-content\/uploads\/Szigetvari-Tamas-Ceremoniamester-Logo-Mic-1.png\" \/>\n<meta name=\"twitter:card\" content=\"summary_large_image\" \/>\n<meta name=\"twitter:title\" content=\"Szigetv\u00e1ri Tam\u00e1s Blog\" \/>\n<meta name=\"twitter:description\" content=\"To entertain and to be entertained. To surround yourself with happy, cheerful people and be part of the day that marks the beginning of spending your entire life together. At least this is how we set out, the rest is up to you...\" \/>\n<meta name=\"twitter:image\" content=\"https:\/\/szigetvaritamas.com\/wp-content\/uploads\/Szigetvari-Tamas-Ceremoniamester-Logo-Mic-1.png\" \/>\n<meta name=\"twitter:label1\" content=\"Est. reading time\" \/>\n\t<meta name=\"twitter:data1\" content=\"2 minutes\" \/>\n<script type=\"application\/ld+json\" class=\"yoast-schema-graph\">{\"@context\":\"https:\/\/schema.org\",\"@graph\":[{\"@type\":\"WebPage\",\"@id\":\"https:\/\/szigetvaritamas.com\/en\/blog\/\",\"url\":\"https:\/\/szigetvaritamas.com\/en\/blog\/\",\"name\":\"Szigetv\u00e1ri Tam\u00e1s Blog\",\"isPartOf\":{\"@id\":\"https:\/\/szigetvaritamas.com\/en\/#website\"},\"datePublished\":\"2021-12-15T17:56:22+00:00\",\"dateModified\":\"2024-04-17T13:27:24+00:00\",\"description\":\"To entertain and to be entertained. To surround yourself with happy, cheerful people and be part of the day that marks the beginning of spending your entire life together. At least this is how we set out, the rest is up to you...\",\"breadcrumb\":{\"@id\":\"https:\/\/szigetvaritamas.com\/en\/blog\/#breadcrumb\"},\"inLanguage\":\"en-US\",\"potentialAction\":[{\"@type\":\"ReadAction\",\"target\":[\"https:\/\/szigetvaritamas.com\/en\/blog\/\"]}]},{\"@type\":\"BreadcrumbList\",\"@id\":\"https:\/\/szigetvaritamas.com\/en\/blog\/#breadcrumb\",\"itemListElement\":[{\"@type\":\"ListItem\",\"position\":1,\"name\":\"Kezd\u0151lap\",\"item\":\"https:\/\/szigetvaritamas.com\/en\/main-page\/\"},{\"@type\":\"ListItem\",\"position\":2,\"name\":\"Blog\"}]},{\"@type\":\"WebSite\",\"@id\":\"https:\/\/szigetvaritamas.com\/en\/#website\",\"url\":\"https:\/\/szigetvaritamas.com\/en\/\",\"name\":\"Szigetv\u00e1ri Tam\u00e1s\",\"description\":\"Cerem\u00f3niamester esk\u00fcv\u0151re\",\"publisher\":{\"@id\":\"https:\/\/szigetvaritamas.com\/en\/#organization\"},\"potentialAction\":[{\"@type\":\"SearchAction\",\"target\":{\"@type\":\"EntryPoint\",\"urlTemplate\":\"https:\/\/szigetvaritamas.com\/en\/?s={search_term_string}\"},\"query-input\":{\"@type\":\"PropertyValueSpecification\",\"valueRequired\":true,\"valueName\":\"search_term_string\"}}],\"inLanguage\":\"en-US\"},{\"@type\":\"Organization\",\"@id\":\"https:\/\/szigetvaritamas.com\/en\/#organization\",\"name\":\"Szigetv\u00e1ri Tam\u00e1s\",\"url\":\"https:\/\/szigetvaritamas.com\/en\/\",\"logo\":{\"@type\":\"ImageObject\",\"inLanguage\":\"en-US\",\"@id\":\"https:\/\/szigetvaritamas.com\/en\/#\/schema\/logo\/image\/\",\"url\":\"https:\/\/szigetvaritamas.com\/wp-content\/uploads\/Szigetvari-Tamas-Ceremoniamester-Logo.png\",\"contentUrl\":\"https:\/\/szigetvaritamas.com\/wp-content\/uploads\/Szigetvari-Tamas-Ceremoniamester-Logo.png\",\"width\":794,\"height\":818,\"caption\":\"Szigetv\u00e1ri Tam\u00e1s\"},\"image\":{\"@id\":\"https:\/\/szigetvaritamas.com\/en\/#\/schema\/logo\/image\/\"}}]}<\/script>\n<!-- \/ Yoast SEO plugin. -->","yoast_head_json":{"title":"Szigetv\u00e1ri Tam\u00e1s Blog","description":"To entertain and to be entertained. To surround yourself with happy, cheerful people and be part of the day that marks the beginning of spending your entire life together. At least this is how we set out, the rest is up to you...","robots":{"index":"index","follow":"follow","max-snippet":"max-snippet:-1","max-image-preview":"max-image-preview:large","max-video-preview":"max-video-preview:-1"},"canonical":"https:\/\/szigetvaritamas.com\/en\/blog\/","og_locale":"en_US","og_type":"article","og_title":"Szigetv\u00e1ri Tam\u00e1s Blog","og_description":"To entertain and to be entertained. To surround yourself with happy, cheerful people and be part of the day that marks the beginning of spending your entire life together. At least this is how we set out, the rest is up to you...","og_url":"https:\/\/szigetvaritamas.com\/en\/blog\/","og_site_name":"Szigetv\u00e1ri Tam\u00e1s","article_modified_time":"2024-04-17T13:27:24+00:00","og_image":[{"url":"https:\/\/szigetvaritamas.com\/wp-content\/uploads\/Szigetvari-Tamas-Ceremoniamester-Logo-Mic-1.png","type":"","width":"","height":""}],"twitter_card":"summary_large_image","twitter_title":"Szigetv\u00e1ri Tam\u00e1s Blog","twitter_description":"To entertain and to be entertained. To surround yourself with happy, cheerful people and be part of the day that marks the beginning of spending your entire life together. At least this is how we set out, the rest is up to you...","twitter_image":"https:\/\/szigetvaritamas.com\/wp-content\/uploads\/Szigetvari-Tamas-Ceremoniamester-Logo-Mic-1.png","twitter_misc":{"Est. reading time":"2 minutes"},"schema":{"@context":"https:\/\/schema.org","@graph":[{"@type":"WebPage","@id":"https:\/\/szigetvaritamas.com\/en\/blog\/","url":"https:\/\/szigetvaritamas.com\/en\/blog\/","name":"Szigetv\u00e1ri Tam\u00e1s Blog","isPartOf":{"@id":"https:\/\/szigetvaritamas.com\/en\/#website"},"datePublished":"2021-12-15T17:56:22+00:00","dateModified":"2024-04-17T13:27:24+00:00","description":"To entertain and to be entertained. To surround yourself with happy, cheerful people and be part of the day that marks the beginning of spending your entire life together. At least this is how we set out, the rest is up to you...","breadcrumb":{"@id":"https:\/\/szigetvaritamas.com\/en\/blog\/#breadcrumb"},"inLanguage":"en-US","potentialAction":[{"@type":"ReadAction","target":["https:\/\/szigetvaritamas.com\/en\/blog\/"]}]},{"@type":"BreadcrumbList","@id":"https:\/\/szigetvaritamas.com\/en\/blog\/#breadcrumb","itemListElement":[{"@type":"ListItem","position":1,"name":"Kezd\u0151lap","item":"https:\/\/szigetvaritamas.com\/en\/main-page\/"},{"@type":"ListItem","position":2,"name":"Blog"}]},{"@type":"WebSite","@id":"https:\/\/szigetvaritamas.com\/en\/#website","url":"https:\/\/szigetvaritamas.com\/en\/","name":"Szigetv\u00e1ri Tam\u00e1s","description":"Cerem\u00f3niamester esk\u00fcv\u0151re","publisher":{"@id":"https:\/\/szigetvaritamas.com\/en\/#organization"},"potentialAction":[{"@type":"SearchAction","target":{"@type":"EntryPoint","urlTemplate":"https:\/\/szigetvaritamas.com\/en\/?s={search_term_string}"},"query-input":{"@type":"PropertyValueSpecification","valueRequired":true,"valueName":"search_term_string"}}],"inLanguage":"en-US"},{"@type":"Organization","@id":"https:\/\/szigetvaritamas.com\/en\/#organization","name":"Szigetv\u00e1ri Tam\u00e1s","url":"https:\/\/szigetvaritamas.com\/en\/","logo":{"@type":"ImageObject","inLanguage":"en-US","@id":"https:\/\/szigetvaritamas.com\/en\/#\/schema\/logo\/image\/","url":"https:\/\/szigetvaritamas.com\/wp-content\/uploads\/Szigetvari-Tamas-Ceremoniamester-Logo.png","contentUrl":"https:\/\/szigetvaritamas.com\/wp-content\/uploads\/Szigetvari-Tamas-Ceremoniamester-Logo.png","width":794,"height":818,"caption":"Szigetv\u00e1ri Tam\u00e1s"},"image":{"@id":"https:\/\/szigetvaritamas.com\/en\/#\/schema\/logo\/image\/"}}]}},"_links":{"self":[{"href":"https:\/\/szigetvaritamas.com\/en\/wp-json\/wp\/v2\/pages\/1119","targetHints":{"allow":["GET"]}}],"collection":[{"href":"https:\/\/szigetvaritamas.com\/en\/wp-json\/wp\/v2\/pages"}],"about":[{"href":"https:\/\/szigetvaritamas.com\/en\/wp-json\/wp\/v2\/types\/page"}],"author":[{"embeddable":true,"href":"https:\/\/szigetvaritamas.com\/en\/wp-json\/wp\/v2\/users\/1"}],"replies":[{"embeddable":true,"href":"https:\/\/szigetvaritamas.com\/en\/wp-json\/wp\/v2\/comments?post=1119"}],"version-history":[{"count":7,"href":"https:\/\/szigetvaritamas.com\/en\/wp-json\/wp\/v2\/pages\/1119\/revisions"}],"predecessor-version":[{"id":1275,"href":"https:\/\/szigetvaritamas.com\/en\/wp-json\/wp\/v2\/pages\/1119\/revisions\/1275"}],"wp:attachment":[{"href":"https:\/\/szigetvaritamas.com\/en\/wp-json\/wp\/v2\/media?parent=1119"}],"curies":[{"name":"wp","href":"https:\/\/api.w.org\/{rel}","templated":true}]}}